{"id":1224,"date":"2017-06-20T12:23:30","date_gmt":"2017-06-20T12:23:30","guid":{"rendered":"http:\/\/sanera.ee\/news\/subloc-i-susteem\/"},"modified":"2017-06-20T12:43:05","modified_gmt":"2017-06-20T12:43:05","slug":"subloc-i-system","status":"publish","type":"page","link":"https:\/\/sanera.ee\/en\/news\/subloc-i-system\/","title":{"rendered":"SubLoc-i system"},"content":{"rendered":"<h1>SUBLOC\u00ae PRO SCRAIL\u00ae FOR SQUEAKLESS SUBFLOORS<\/h1>\n<hr \/>\n<p>We know what is important when it comes to professional subflooring. The innovative SubLoc \u00ae PRO SCRAIL \u00ae combines precision, power and speed with the highest standards of convenience in its field. Its aggressively-designed threads and greatly improved holding strength means squeaky under-floors are a thing of the past. The first choice for construction professionals.<\/p>\n<ul>\n<li>Aggressively designed twin thread for squeak-free under-floors<\/li>\n<li>Greatly improved holding power compared to ringed nails<\/li>\n<li>Rapid processing with pneumatic nailers<\/li>\n<li>Saves money, reduces reworking time and increases customer satisfaction<\/li>\n<li>No new equipment needed. SubLoc \u00ae PRO SCRAIL \u00ae can be processed with pneumatic SCRAIL \u00ae tools from FASCO or with most popular devices on the market.<\/li>\n<\/ul>\n<p>&nbsp;<\/p>\n<h2><img loading=\"lazy\" decoding=\"async\" class=\"alignright wp-image-1218\" src=\"http:\/\/sanera.ee\/wp-content\/uploads\/2017\/06\/subloc-naelad-e1497962077976.jpg\" alt=\"\" width=\"400\" height=\"334\" srcset=\"https:\/\/sanera.ee\/wp-content\/uploads\/2017\/06\/subloc-naelad-e1497962077976.jpg 697w, https:\/\/sanera.ee\/wp-content\/uploads\/2017\/06\/subloc-naelad-e1497962077976-300x251.jpg 300w, https:\/\/sanera.ee\/wp-content\/uploads\/2017\/06\/subloc-naelad-e1497962077976-479x400.jpg 479w\" sizes=\"auto, (max-width: 400px) 100vw, 400px\" \/>TECHNICAL DATA: SubLoc\u00ae PRO SCRAIL\u00ae<\/h2>\n<hr \/>\n<ul>\n<li>Material: standard steel<\/li>\n<li>Finish: electro-galvanized with special adhesive coating<\/li>\n<li>Diameter:\n<ul>\n<li>inner .113&#8243; (inner 2.8 mm)<\/li>\n<li>outer .126&#8243; (outer 3.2 mm)<\/li>\n<\/ul>\n<\/li>\n<li>Lengths: 2 1\/4&#8243; 57 mm<\/li>\n<li>Drive: Square #2<\/li>\n<li>Collation Type: 20\u00b0 Plastic Strip + 33\u00b0 Plastic Strip<\/li>\n<li>15\u00b0 Wire Coil, 0\u00b0 Plastic Sheet Coil<\/li>\n<\/ul>\n<p style=\"text-align: left;\">Individual lengths and materials are available upon request.<\/p>\n<p>&nbsp;<\/p>\n<h2>SubLoc\u00ae PRO SCRAIL\u00ae Value Charts:<\/h2>\n<hr \/>\n<p><img loading=\"lazy\" decoding=\"async\" class=\"alignnone wp-image-1214\" src=\"http:\/\/sanera.ee\/wp-content\/uploads\/2017\/06\/subloc-tabel.png\" alt=\"\" width=\"700\" height=\"291\" srcset=\"https:\/\/sanera.ee\/wp-content\/uploads\/2017\/06\/subloc-tabel.png 980w, https:\/\/sanera.ee\/wp-content\/uploads\/2017\/06\/subloc-tabel-300x125.png 300w, https:\/\/sanera.ee\/wp-content\/uploads\/2017\/06\/subloc-tabel-768x319.png 768w, https:\/\/sanera.ee\/wp-content\/uploads\/2017\/06\/subloc-tabel-555x230.png 555w\" sizes=\"auto, (max-width: 700px) 100vw, 700px\" \/><\/p>\n","protected":false},"excerpt":{"rendered":"<p>SUBLOC\u00ae PRO SCRAIL\u00ae FOR SQUEAKLESS SUBFLOORS We know what is important when it comes to professional subflooring. The innovative SubLoc \u00ae PRO SCRAIL \u00ae combines precision, power and speed with the highest standards of convenience in its field. Its aggressively-designed threads and greatly improved holding strength means squeaky under-floors are a thing of the past. [&hellip;]<\/p>\n","protected":false},"author":1,"featured_media":0,"parent":1160,"menu_order":2,"comment_status":"closed","ping_status":"closed","template":"","meta":{"_acf_changed":false,"footnotes":""},"class_list":["post-1224","page","type-page","status-publish","hentry"],"acf":[],"yoast_head":"<!-- This site is optimized with the Yoast SEO plugin v22.1 - https:\/\/yoast.com\/wordpress\/plugins\/seo\/ -->\n<title>SubLoc\u00ae PRO SCRAIL\u00ae kinnitused | Uudised | Sanera O\u00dc<\/title>\n<meta name=\"description\" content=\"SubLoc\u00ae PRO SCRAIL\u00ae - tugevate topeltkeermetega oluliselt tugevam kinnitus, kiire paigaldus, mis s\u00e4\u00e4stab ehitajate raha ja t\u00f5stab klientide rahulolu.\" \/>\n<meta name=\"robots\" content=\"index, follow, max-snippet:-1, max-image-preview:large, max-video-preview:-1\" \/>\n<link rel=\"canonical\" href=\"https:\/\/sanera.ee\/en\/news\/subloc-i-system\/\" \/>\n<meta property=\"og:locale\" content=\"en_US\" \/>\n<meta property=\"og:type\" content=\"article\" \/>\n<meta property=\"og:title\" content=\"SubLoc\u00ae PRO SCRAIL\u00ae kinnitused | Uudised | Sanera O\u00dc\" \/>\n<meta property=\"og:description\" content=\"SubLoc\u00ae PRO SCRAIL\u00ae - tugevate topeltkeermetega oluliselt tugevam kinnitus, kiire paigaldus, mis s\u00e4\u00e4stab ehitajate raha ja t\u00f5stab klientide rahulolu.\" \/>\n<meta property=\"og:url\" content=\"https:\/\/sanera.ee\/en\/news\/subloc-i-system\/\" \/>\n<meta property=\"og:site_name\" content=\"Sanera\" \/>\n<meta property=\"article:modified_time\" content=\"2017-06-20T12:43:05+00:00\" \/>\n<meta property=\"og:image\" content=\"http:\/\/sanera.ee\/wp-content\/uploads\/2017\/06\/subloc-naelad-e1497962077976.jpg\" \/>\n<meta name=\"twitter:card\" content=\"summary_large_image\" \/>\n<meta name=\"twitter:label1\" content=\"Est. reading time\" \/>\n\t<meta name=\"twitter:data1\" content=\"1 minute\" \/>\n<script type=\"application\/ld+json\" class=\"yoast-schema-graph\">{\"@context\":\"https:\/\/schema.org\",\"@graph\":[{\"@type\":\"WebPage\",\"@id\":\"https:\/\/sanera.ee\/en\/news\/subloc-i-system\/\",\"url\":\"https:\/\/sanera.ee\/en\/news\/subloc-i-system\/\",\"name\":\"SubLoc\u00ae PRO SCRAIL\u00ae kinnitused | Uudised | Sanera O\u00dc\",\"isPartOf\":{\"@id\":\"https:\/\/sanera.ee\/#website\"},\"datePublished\":\"2017-06-20T12:23:30+00:00\",\"dateModified\":\"2017-06-20T12:43:05+00:00\",\"description\":\"SubLoc\u00ae PRO SCRAIL\u00ae - tugevate topeltkeermetega oluliselt tugevam kinnitus, kiire paigaldus, mis s\u00e4\u00e4stab ehitajate raha ja t\u00f5stab klientide rahulolu.\",\"breadcrumb\":{\"@id\":\"https:\/\/sanera.ee\/en\/news\/subloc-i-system\/#breadcrumb\"},\"inLanguage\":\"en-US\",\"potentialAction\":[{\"@type\":\"ReadAction\",\"target\":[\"https:\/\/sanera.ee\/en\/news\/subloc-i-system\/\"]}]},{\"@type\":\"BreadcrumbList\",\"@id\":\"https:\/\/sanera.ee\/en\/news\/subloc-i-system\/#breadcrumb\",\"itemListElement\":[{\"@type\":\"ListItem\",\"position\":1,\"name\":\"Home\",\"item\":\"https:\/\/sanera.ee\/en\/\"},{\"@type\":\"ListItem\",\"position\":2,\"name\":\"News\",\"item\":\"https:\/\/sanera.ee\/en\/news\/\"},{\"@type\":\"ListItem\",\"position\":3,\"name\":\"SubLoc-i system\"}]},{\"@type\":\"WebSite\",\"@id\":\"https:\/\/sanera.ee\/#website\",\"url\":\"https:\/\/sanera.ee\/\",\"name\":\"Sanera\",\"description\":\"\",\"potentialAction\":[{\"@type\":\"SearchAction\",\"target\":{\"@type\":\"EntryPoint\",\"urlTemplate\":\"https:\/\/sanera.ee\/?s={search_term_string}\"},\"query-input\":\"required name=search_term_string\"}],\"inLanguage\":\"en-US\"}]}<\/script>\n<!-- \/ Yoast SEO plugin. -->","yoast_head_json":{"title":"SubLoc\u00ae PRO SCRAIL\u00ae kinnitused | Uudised | Sanera O\u00dc","description":"SubLoc\u00ae PRO SCRAIL\u00ae - tugevate topeltkeermetega oluliselt tugevam kinnitus, kiire paigaldus, mis s\u00e4\u00e4stab ehitajate raha ja t\u00f5stab klientide rahulolu.","robots":{"index":"index","follow":"follow","max-snippet":"max-snippet:-1","max-image-preview":"max-image-preview:large","max-video-preview":"max-video-preview:-1"},"canonical":"https:\/\/sanera.ee\/en\/news\/subloc-i-system\/","og_locale":"en_US","og_type":"article","og_title":"SubLoc\u00ae PRO SCRAIL\u00ae kinnitused | Uudised | Sanera O\u00dc","og_description":"SubLoc\u00ae PRO SCRAIL\u00ae - tugevate topeltkeermetega oluliselt tugevam kinnitus, kiire paigaldus, mis s\u00e4\u00e4stab ehitajate raha ja t\u00f5stab klientide rahulolu.","og_url":"https:\/\/sanera.ee\/en\/news\/subloc-i-system\/","og_site_name":"Sanera","article_modified_time":"2017-06-20T12:43:05+00:00","og_image":[{"url":"http:\/\/sanera.ee\/wp-content\/uploads\/2017\/06\/subloc-naelad-e1497962077976.jpg"}],"twitter_card":"summary_large_image","twitter_misc":{"Est. reading time":"1 minute"},"schema":{"@context":"https:\/\/schema.org","@graph":[{"@type":"WebPage","@id":"https:\/\/sanera.ee\/en\/news\/subloc-i-system\/","url":"https:\/\/sanera.ee\/en\/news\/subloc-i-system\/","name":"SubLoc\u00ae PRO SCRAIL\u00ae kinnitused | Uudised | Sanera O\u00dc","isPartOf":{"@id":"https:\/\/sanera.ee\/#website"},"datePublished":"2017-06-20T12:23:30+00:00","dateModified":"2017-06-20T12:43:05+00:00","description":"SubLoc\u00ae PRO SCRAIL\u00ae - tugevate topeltkeermetega oluliselt tugevam kinnitus, kiire paigaldus, mis s\u00e4\u00e4stab ehitajate raha ja t\u00f5stab klientide rahulolu.","breadcrumb":{"@id":"https:\/\/sanera.ee\/en\/news\/subloc-i-system\/#breadcrumb"},"inLanguage":"en-US","potentialAction":[{"@type":"ReadAction","target":["https:\/\/sanera.ee\/en\/news\/subloc-i-system\/"]}]},{"@type":"BreadcrumbList","@id":"https:\/\/sanera.ee\/en\/news\/subloc-i-system\/#breadcrumb","itemListElement":[{"@type":"ListItem","position":1,"name":"Home","item":"https:\/\/sanera.ee\/en\/"},{"@type":"ListItem","position":2,"name":"News","item":"https:\/\/sanera.ee\/en\/news\/"},{"@type":"ListItem","position":3,"name":"SubLoc-i system"}]},{"@type":"WebSite","@id":"https:\/\/sanera.ee\/#website","url":"https:\/\/sanera.ee\/","name":"Sanera","description":"","potentialAction":[{"@type":"SearchAction","target":{"@type":"EntryPoint","urlTemplate":"https:\/\/sanera.ee\/?s={search_term_string}"},"query-input":"required name=search_term_string"}],"inLanguage":"en-US"}]}},"_links":{"self":[{"href":"https:\/\/sanera.ee\/en\/wp-json\/wp\/v2\/pages\/1224","targetHints":{"allow":["GET"]}}],"collection":[{"href":"https:\/\/sanera.ee\/en\/wp-json\/wp\/v2\/pages"}],"about":[{"href":"https:\/\/sanera.ee\/en\/wp-json\/wp\/v2\/types\/page"}],"author":[{"embeddable":true,"href":"https:\/\/sanera.ee\/en\/wp-json\/wp\/v2\/users\/1"}],"replies":[{"embeddable":true,"href":"https:\/\/sanera.ee\/en\/wp-json\/wp\/v2\/comments?post=1224"}],"version-history":[{"count":4,"href":"https:\/\/sanera.ee\/en\/wp-json\/wp\/v2\/pages\/1224\/revisions"}],"predecessor-version":[{"id":1228,"href":"https:\/\/sanera.ee\/en\/wp-json\/wp\/v2\/pages\/1224\/revisions\/1228"}],"up":[{"embeddable":true,"href":"https:\/\/sanera.ee\/en\/wp-json\/wp\/v2\/pages\/1160"}],"wp:attachment":[{"href":"https:\/\/sanera.ee\/en\/wp-json\/wp\/v2\/media?parent=1224"}],"curies":[{"name":"wp","href":"https:\/\/api.w.org\/{rel}","templated":true}]}}