{"id":1490,"date":"2019-11-13T09:53:21","date_gmt":"2019-11-13T07:53:21","guid":{"rendered":"https:\/\/sanera.ee\/products\/fasteners\/schmid-schrauben-kruvid-ja-kinnitusvahendid\/"},"modified":"2023-06-01T10:09:34","modified_gmt":"2023-06-01T07:09:34","slug":"schmid-schrauben-screws-and-fasteners","status":"publish","type":"page","link":"https:\/\/sanera.ee\/en\/products\/fasteners\/schmid-schrauben-screws-and-fasteners\/","title":{"rendered":"Schmid Schrauben"},"content":{"rendered":"<p><a href=\"https:\/\/www.schmid-screw.com\/en\" target=\"_blank\" rel=\"noopener\"><img loading=\"lazy\" decoding=\"async\" class=\"alignright wp-image-1485\" src=\"https:\/\/sanera.ee\/wp-content\/uploads\/2019\/11\/Schmid-Schrauben-logo.png\" alt=\"\" width=\"237\" height=\"85\" srcset=\"https:\/\/sanera.ee\/wp-content\/uploads\/2019\/11\/Schmid-Schrauben-logo.png 569w, https:\/\/sanera.ee\/wp-content\/uploads\/2019\/11\/Schmid-Schrauben-logo-300x108.png 300w, https:\/\/sanera.ee\/wp-content\/uploads\/2019\/11\/Schmid-Schrauben-logo-555x199.png 555w\" sizes=\"auto, (max-width: 237px) 100vw, 237px\" \/><\/a><\/p>\n<h1>Schmid Schrauben\u00a0Fasteners<\/h1>\n<hr \/>\n<h2>Screws and Fasteners for Professionals<\/h2>\n<p>With more than 175 years of experience, Schmid Schrauben Hainfeld is one of Europe\u2032s leading screw production and fastening technology companies. Setting technological courses in fixing and mounting technology is something Schmid Schrauben is used to. Today they are doing it as the leading manufacturer of screws in Austria.<\/p>\n<p>From 2008 Schmid Schrauben forced the business within the own company by the acquisition of new machines, amongst them a 5-axis turning-milling machinery systems and turning systems as well as the extension and new construction of the logistics center with more than 6.000 palettes spots in order to be able to supply customers even more quickly and more efficiently.<\/p>\n<h3 style=\"text-align: right;\">Schmid Schrauben <a href=\"https:\/\/www.schmid-screw.com\/en\" target=\"_blank\" rel=\"noopener\">webpage<\/a><\/h3>\n<h2>RAPID\u00ae<\/h2>\n<p>The RAPID\u00ae line combines top quality with a wide range of products for diverse fields of application. RAPID\u00ae products are Schmid Schrauben\u2032s premium brand. Innovative technology with outstanding technical performance.<\/p>\n<ul>\n<li>RAPID\u00ae 2000 screw offers the largest possible pull-out resistance, even in small dimensional sizes from \u00d83 mm, as well as time and energy savings when screwing.<\/li>\n<li>RAPID\u00ae Komprex screw rates highly due to its high pull-out resistance, fast screwing and energy saving screw driving. It is available in sizes from 8&#215;80 to 10&#215;500 mm.<\/li>\n<li>RAPID\u00ae SuperSenkFix screws are distinguished by their innovative head geometry. They guarantee high pull-out values and allow for clean screwing without splitting and fraying. They are available in sizes from 6&#215;80 to 10x400mm.<\/li>\n<li>RAPID\u00ae Dual is a premium replacement for DIN 571 screws and offers significant advantages. It is available in sizes from 8&#215;50 to 12&#215;400 mm.<\/li>\n<li>RAPID\u00ae Top-2-Roof provides the optimum geometry for mounting on-roof insulation. RAPID\u00ae Top-2-Roof is available in diameters 8&#215;240 to 8&#215;450 mm.<\/li>\n<li>RAPID\u00ae Hardwood is the first to offer a hardwood screw fitting without pre-drilling. It is available in the sizes \u00d8 8&#215;120 mm, \u00d8 8&#215;160 mm, \u00d8 8&#215;200 mm, \u00d8 8&#215;240 mm.<\/li>\n<li>RAPID\u00ae T-Con offers the highest quality for the wood-concrete-composite system. The quality surface RedWin is unmistakably part of the combination of wood and concrete. RAPID\u00ae T-Con is available in diameters 8&#215;155, 8&#215;205 mm.<\/li>\n<li>RAPID\u00ae Fullthread stands for the highest quality in the fullthread assortment and is available with cylinder and countersunk heads. RAPID\u00ae Fullthread is available in diameters 8&#215;120 to 12&#215;1000 mm.<\/li>\n<li>RAPID\u00ae T-Lift serves as a transport system, for example, prefabricated roofs, wall or ceiling elements, cross laminated timber or solid wood panels. The system consists of the RAPID\u00ae T-Lift screw and the RAPID\u00ae T-Lift hoist. RAPID\u00ae T-Lift screw is available in diameters 12&#215;120\/100 mm, 12&#215;160\/144 mm.<\/li>\n<\/ul>\n<p><img loading=\"lazy\" decoding=\"async\" class=\"alignnone wp-image-1488 size-full\" src=\"https:\/\/sanera.ee\/wp-content\/uploads\/2019\/11\/Schmid-Schrauben-Rapid-kruvid-900px-min.jpg\" alt=\"Schmid Schrauben Screws and Fasteners\" width=\"900\" height=\"405\" srcset=\"https:\/\/sanera.ee\/wp-content\/uploads\/2019\/11\/Schmid-Schrauben-Rapid-kruvid-900px-min.jpg 900w, https:\/\/sanera.ee\/wp-content\/uploads\/2019\/11\/Schmid-Schrauben-Rapid-kruvid-900px-min-300x135.jpg 300w, https:\/\/sanera.ee\/wp-content\/uploads\/2019\/11\/Schmid-Schrauben-Rapid-kruvid-900px-min-768x346.jpg 768w, https:\/\/sanera.ee\/wp-content\/uploads\/2019\/11\/Schmid-Schrauben-Rapid-kruvid-900px-min-555x250.jpg 555w\" sizes=\"auto, (max-width: 900px) 100vw, 900px\" \/><\/p>\n<h2>Stardrive GPR\u00ae<\/h2>\n<p>Great value for money: Schmid Schrauben Hainfeld\u2032s classic wood building screw.<\/p>\n<p>StarDrive GPR\u00ae is their classic brand for partly threaded screw in different variations. Available surfaces from yellow galvanized to stainless steel. StarDrive GPR\u00ae is characterized by the quick screw connection and the low torque during fastening. StarDrive GPR\u00ae is available in diameters \u00d8 4&#215;30 to 10&#215;400 mm. Stainless steel: \u00d8 8&#215;120 and 8&#215;160 mm.<\/p>\n","protected":false},"excerpt":{"rendered":"<p>Schmid Schrauben\u00a0Fasteners Screws and Fasteners for Professionals With more than 175 years of experience, Schmid Schrauben Hainfeld is one of Europe\u2032s leading screw production and fastening technology companies. Setting technological courses in fixing and mounting technology is something Schmid Schrauben is used to. Today they are doing it as the leading manufacturer of screws in [&hellip;]<\/p>\n","protected":false},"author":1,"featured_media":0,"parent":915,"menu_order":6,"comment_status":"closed","ping_status":"closed","template":"","meta":{"_acf_changed":false,"footnotes":""},"class_list":["post-1490","page","type-page","status-publish","hentry"],"acf":[],"yoast_head":"<!-- This site is optimized with the Yoast SEO plugin v22.1 - https:\/\/yoast.com\/wordpress\/plugins\/seo\/ -->\n<title>Schmid Schrauben kruvid ja kinnitusvahendid | Tooted | Sanera<\/title>\n<meta name=\"description\" content=\"With more than 175 years of experience, Schmid Schrauben Hainfeld is one of Europe\u2032s leading screw production and fastening technology companies.\" \/>\n<meta name=\"robots\" content=\"index, follow, max-snippet:-1, max-image-preview:large, max-video-preview:-1\" \/>\n<link rel=\"canonical\" href=\"https:\/\/sanera.ee\/en\/products\/fasteners\/schmid-schrauben-screws-and-fasteners\/\" \/>\n<meta property=\"og:locale\" content=\"en_US\" \/>\n<meta property=\"og:type\" content=\"article\" \/>\n<meta property=\"og:title\" content=\"Schmid Schrauben kruvid ja kinnitusvahendid | Tooted | Sanera\" \/>\n<meta property=\"og:description\" content=\"With more than 175 years of experience, Schmid Schrauben Hainfeld is one of Europe\u2032s leading screw production and fastening technology companies.\" \/>\n<meta property=\"og:url\" content=\"https:\/\/sanera.ee\/en\/products\/fasteners\/schmid-schrauben-screws-and-fasteners\/\" \/>\n<meta property=\"og:site_name\" content=\"Sanera\" \/>\n<meta property=\"article:modified_time\" content=\"2023-06-01T07:09:34+00:00\" \/>\n<meta property=\"og:image\" content=\"https:\/\/sanera.ee\/wp-content\/uploads\/2019\/11\/Schmid-Schrauben-logo.png\" \/>\n<meta name=\"twitter:card\" content=\"summary_large_image\" \/>\n<meta name=\"twitter:label1\" content=\"Est. reading time\" \/>\n\t<meta name=\"twitter:data1\" content=\"2 minutes\" \/>\n<script type=\"application\/ld+json\" class=\"yoast-schema-graph\">{\"@context\":\"https:\/\/schema.org\",\"@graph\":[{\"@type\":\"WebPage\",\"@id\":\"https:\/\/sanera.ee\/en\/products\/fasteners\/schmid-schrauben-screws-and-fasteners\/\",\"url\":\"https:\/\/sanera.ee\/en\/products\/fasteners\/schmid-schrauben-screws-and-fasteners\/\",\"name\":\"Schmid Schrauben kruvid ja kinnitusvahendid | Tooted | Sanera\",\"isPartOf\":{\"@id\":\"https:\/\/sanera.ee\/#website\"},\"datePublished\":\"2019-11-13T07:53:21+00:00\",\"dateModified\":\"2023-06-01T07:09:34+00:00\",\"description\":\"With more than 175 years of experience, Schmid Schrauben Hainfeld is one of Europe\u2032s leading screw production and fastening technology companies.\",\"breadcrumb\":{\"@id\":\"https:\/\/sanera.ee\/en\/products\/fasteners\/schmid-schrauben-screws-and-fasteners\/#breadcrumb\"},\"inLanguage\":\"en-US\",\"potentialAction\":[{\"@type\":\"ReadAction\",\"target\":[\"https:\/\/sanera.ee\/en\/products\/fasteners\/schmid-schrauben-screws-and-fasteners\/\"]}]},{\"@type\":\"BreadcrumbList\",\"@id\":\"https:\/\/sanera.ee\/en\/products\/fasteners\/schmid-schrauben-screws-and-fasteners\/#breadcrumb\",\"itemListElement\":[{\"@type\":\"ListItem\",\"position\":1,\"name\":\"Home\",\"item\":\"https:\/\/sanera.ee\/en\/\"},{\"@type\":\"ListItem\",\"position\":2,\"name\":\"Products\",\"item\":\"https:\/\/sanera.ee\/en\/products\/\"},{\"@type\":\"ListItem\",\"position\":3,\"name\":\"Fasteners\",\"item\":\"https:\/\/sanera.ee\/en\/products\/fasteners\/\"},{\"@type\":\"ListItem\",\"position\":4,\"name\":\"Schmid Schrauben\"}]},{\"@type\":\"WebSite\",\"@id\":\"https:\/\/sanera.ee\/#website\",\"url\":\"https:\/\/sanera.ee\/\",\"name\":\"Sanera\",\"description\":\"\",\"potentialAction\":[{\"@type\":\"SearchAction\",\"target\":{\"@type\":\"EntryPoint\",\"urlTemplate\":\"https:\/\/sanera.ee\/?s={search_term_string}\"},\"query-input\":\"required name=search_term_string\"}],\"inLanguage\":\"en-US\"}]}<\/script>\n<!-- \/ Yoast SEO plugin. -->","yoast_head_json":{"title":"Schmid Schrauben kruvid ja kinnitusvahendid | Tooted | Sanera","description":"With more than 175 years of experience, Schmid Schrauben Hainfeld is one of Europe\u2032s leading screw production and fastening technology companies.","robots":{"index":"index","follow":"follow","max-snippet":"max-snippet:-1","max-image-preview":"max-image-preview:large","max-video-preview":"max-video-preview:-1"},"canonical":"https:\/\/sanera.ee\/en\/products\/fasteners\/schmid-schrauben-screws-and-fasteners\/","og_locale":"en_US","og_type":"article","og_title":"Schmid Schrauben kruvid ja kinnitusvahendid | Tooted | Sanera","og_description":"With more than 175 years of experience, Schmid Schrauben Hainfeld is one of Europe\u2032s leading screw production and fastening technology companies.","og_url":"https:\/\/sanera.ee\/en\/products\/fasteners\/schmid-schrauben-screws-and-fasteners\/","og_site_name":"Sanera","article_modified_time":"2023-06-01T07:09:34+00:00","og_image":[{"url":"https:\/\/sanera.ee\/wp-content\/uploads\/2019\/11\/Schmid-Schrauben-logo.png"}],"twitter_card":"summary_large_image","twitter_misc":{"Est. reading time":"2 minutes"},"schema":{"@context":"https:\/\/schema.org","@graph":[{"@type":"WebPage","@id":"https:\/\/sanera.ee\/en\/products\/fasteners\/schmid-schrauben-screws-and-fasteners\/","url":"https:\/\/sanera.ee\/en\/products\/fasteners\/schmid-schrauben-screws-and-fasteners\/","name":"Schmid Schrauben kruvid ja kinnitusvahendid | Tooted | Sanera","isPartOf":{"@id":"https:\/\/sanera.ee\/#website"},"datePublished":"2019-11-13T07:53:21+00:00","dateModified":"2023-06-01T07:09:34+00:00","description":"With more than 175 years of experience, Schmid Schrauben Hainfeld is one of Europe\u2032s leading screw production and fastening technology companies.","breadcrumb":{"@id":"https:\/\/sanera.ee\/en\/products\/fasteners\/schmid-schrauben-screws-and-fasteners\/#breadcrumb"},"inLanguage":"en-US","potentialAction":[{"@type":"ReadAction","target":["https:\/\/sanera.ee\/en\/products\/fasteners\/schmid-schrauben-screws-and-fasteners\/"]}]},{"@type":"BreadcrumbList","@id":"https:\/\/sanera.ee\/en\/products\/fasteners\/schmid-schrauben-screws-and-fasteners\/#breadcrumb","itemListElement":[{"@type":"ListItem","position":1,"name":"Home","item":"https:\/\/sanera.ee\/en\/"},{"@type":"ListItem","position":2,"name":"Products","item":"https:\/\/sanera.ee\/en\/products\/"},{"@type":"ListItem","position":3,"name":"Fasteners","item":"https:\/\/sanera.ee\/en\/products\/fasteners\/"},{"@type":"ListItem","position":4,"name":"Schmid Schrauben"}]},{"@type":"WebSite","@id":"https:\/\/sanera.ee\/#website","url":"https:\/\/sanera.ee\/","name":"Sanera","description":"","potentialAction":[{"@type":"SearchAction","target":{"@type":"EntryPoint","urlTemplate":"https:\/\/sanera.ee\/?s={search_term_string}"},"query-input":"required name=search_term_string"}],"inLanguage":"en-US"}]}},"_links":{"self":[{"href":"https:\/\/sanera.ee\/en\/wp-json\/wp\/v2\/pages\/1490","targetHints":{"allow":["GET"]}}],"collection":[{"href":"https:\/\/sanera.ee\/en\/wp-json\/wp\/v2\/pages"}],"about":[{"href":"https:\/\/sanera.ee\/en\/wp-json\/wp\/v2\/types\/page"}],"author":[{"embeddable":true,"href":"https:\/\/sanera.ee\/en\/wp-json\/wp\/v2\/users\/1"}],"replies":[{"embeddable":true,"href":"https:\/\/sanera.ee\/en\/wp-json\/wp\/v2\/comments?post=1490"}],"version-history":[{"count":2,"href":"https:\/\/sanera.ee\/en\/wp-json\/wp\/v2\/pages\/1490\/revisions"}],"predecessor-version":[{"id":2285,"href":"https:\/\/sanera.ee\/en\/wp-json\/wp\/v2\/pages\/1490\/revisions\/2285"}],"up":[{"embeddable":true,"href":"https:\/\/sanera.ee\/en\/wp-json\/wp\/v2\/pages\/915"}],"wp:attachment":[{"href":"https:\/\/sanera.ee\/en\/wp-json\/wp\/v2\/media?parent=1490"}],"curies":[{"name":"wp","href":"https:\/\/api.w.org\/{rel}","templated":true}]}}